{"id":115,"date":"2021-01-29T12:39:22","date_gmt":"2021-01-29T12:39:22","guid":{"rendered":"https:\/\/valentinstag123.com\/?page_id=115"},"modified":"2021-01-29T12:51:06","modified_gmt":"2021-01-29T12:51:06","slug":"datenschutzvereinbarung","status":"publish","type":"page","link":"https:\/\/valentinstag123.com\/index.php\/datenschutzvereinbarung\/","title":{"rendered":"Datenschutzvereinbarung"},"content":{"rendered":"<header class=\"entry-header\">\n<h2><strong>Datenschutzvereinbarung<\/strong><\/h2>\n<h3>\n1. Erhebung, Verarbeitung und Nutzung personenbezogener Daten<\/h3>\n<p>Bei einem Besuch dieser Website erheben wir keine personenbezogenen Daten von Ihnen. Personenbezogene Daten werden nur erhoben, wenn Sie uns diese selbst \u00fcber unser Kontaktformular mitteilen. Diese Daten werden ausschliesslich zur Beantwortung Ihres Anliegens genutzt und danach wieder gel\u00f6scht.<\/p>\n<h3>2. Verwendung von eigenen Cookies<\/h3>\n<p>Beim Aufruf bestimmter Seiten wird ein so genanntes \u00abSession-Cookie\u00bb gesetzt. Hierbei handelt es sich um eine kleine Textdatei, die nach Ende der Browser-Sitzung automatisch wieder von Ihrem Computer gel\u00f6scht wird. Diese Datei dient ausschliesslich dazu, bestimmte Applikationen nutzen zu k\u00f6nnen. Sie k\u00f6nnen bei den meisten Webbrowsern die Einstellungen so \u00e4ndern, dass Ihr Browser neue Cookies nicht akzeptiert oder Sie k\u00f6nnen erhaltenen Cookies l\u00f6schen lassen. Wie dies konkret f\u00fcr Ihren Browser funktioniert, kann in der Regel \u00fcber dessen Hilfe-Funktion in Erfahrung gebracht werden.<\/p>\n<h3>3.\u00a0Server-Log-Dateien<\/h3>\n<p>Wie bei jeder Verbindung mit einem Webserver protokolliert und speichert der Server unseres Webhosting-Anbieters hosttech, bestimmte technische Daten. Zu diesen Daten geh\u00f6ren die IP-Adresse und das Betriebssystem Ihres Ger\u00e4ts, die Daten, die Zugriffszeit, die Art des Browsers sowie die Browser-Anfrage inklusive der Herkunft der Anfrage (Referrer). Dies ist aus technischen Gr\u00fcnden erforderlich, um Ihnen unsere Website zur Verf\u00fcgung zu stellen. Der Webhosting-Anbieter sch\u00fctzt diese Daten mit technischen und organisatorischen Massnahmen vor unerlaubten Zugriffen und gibt sie nicht an Dritte weiter. Soweit wir dabei personenbezogene Daten verarbeiten, tun wir dies aufgrund unseres Interesses, Ihnen die bestm\u00f6gliche Nutzererfahrung zu bieten und die Sicherheit und Stabilit\u00e4t unserer Systeme zu gew\u00e4hrleisten.<\/p>\n<\/header>\n<h3>4. Partnerlink und fremde Webseiten<\/h3>\n<p>Auf der Seite empfohlene Produkte und Firmen \u00fcbernehmen wir f\u00fcr dessen Inhalt und Datenspeicherung keine Haftung.<br \/>\nFalls Sie auf eine von uns beworbene Seite springen, nutzen Sie deren Datenschutzvereinbarungen. Falls Sie etwas von diesen Firmen was kaufen, haften wir nicht f\u00fcr diese Produkte sondern unterliegt der Verantwortung dieser Firma bei der Sie das Produkt erworben haben.<\/p>\n<header class=\"entry-header\">\n<h3>5. Ihre Rechte<\/h3>\n<p>Ihnen stehen grunds\u00e4tzlich die Rechte auf Auskunft, Berichtigung, L\u00f6schung, Einschr\u00e4nkung, Daten\u00fcbertragbarkeit, Widerruf und Widerspruch zu. Wenn Sie glauben, dass die Verarbeitung Ihrer Daten gegen das Datenschutzrecht verst\u00f6sst oder Ihre datenschutzrechtlichen Anspr\u00fcche sonst in einer Weise verletzt worden sind, k\u00f6nnen Sie sich bei der Aufsichtsbeh\u00f6rde beschweren.<\/p>\n<p>Sie erreichen uns unter folgenden Kontaktdaten:<br \/>\nMarcel Biri<br \/>\nM\u00fcligass 3c<br \/>\n5073 Gipf-Oberfrick<br \/>\nSchweiz<\/p>\n<\/header>\n","protected":false},"excerpt":{"rendered":"<p>Datenschutzvereinbarung 1. Erhebung, Verarbeitung und Nutzung personenbezogener Daten Bei einem Besuch dieser Website erheben wir keine personenbezogenen Daten von Ihnen. Personenbezogene Daten werden nur erhoben, wenn Sie uns diese selbst \u00fcber unser Kontaktformular mitteilen. Diese Daten werden ausschliesslich zur Beantwortung Ihres Anliegens genutzt und danach wieder gel\u00f6scht. 2. Verwendung von eigenen Cookies Beim Aufruf bestimmter &hellip; <\/p>\n","protected":false},"author":1,"featured_media":0,"parent":0,"menu_order":0,"comment_status":"closed","ping_status":"closed","template":"","meta":{"footnotes":""},"class_list":["post-115","page","type-page","status-publish","hentry"],"jetpack_sharing_enabled":true,"_links":{"self":[{"href":"https:\/\/valentinstag123.com\/index.php\/wp-json\/wp\/v2\/pages\/115","targetHints":{"allow":["GET"]}}],"collection":[{"href":"https:\/\/valentinstag123.com\/index.php\/wp-json\/wp\/v2\/pages"}],"about":[{"href":"https:\/\/valentinstag123.com\/index.php\/wp-json\/wp\/v2\/types\/page"}],"author":[{"embeddable":true,"href":"https:\/\/valentinstag123.com\/index.php\/wp-json\/wp\/v2\/users\/1"}],"replies":[{"embeddable":true,"href":"https:\/\/valentinstag123.com\/index.php\/wp-json\/wp\/v2\/comments?post=115"}],"version-history":[{"count":3,"href":"https:\/\/valentinstag123.com\/index.php\/wp-json\/wp\/v2\/pages\/115\/revisions"}],"predecessor-version":[{"id":123,"href":"https:\/\/valentinstag123.com\/index.php\/wp-json\/wp\/v2\/pages\/115\/revisions\/123"}],"wp:attachment":[{"href":"https:\/\/valentinstag123.com\/index.php\/wp-json\/wp\/v2\/media?parent=115"}],"curies":[{"name":"wp","href":"https:\/\/api.w.org\/{rel}","templated":true}]}}