{"id":77,"date":"2021-01-25T21:26:40","date_gmt":"2021-01-25T21:26:40","guid":{"rendered":"https:\/\/valentinstag123.com\/?page_id=77"},"modified":"2023-01-17T21:39:37","modified_gmt":"2023-01-17T21:39:37","slug":"essentrinken","status":"publish","type":"page","link":"https:\/\/valentinstag123.com\/index.php\/essentrinken\/","title":{"rendered":"EssenTrinken"},"content":{"rendered":"<p>&nbsp;<\/p>\n<ul>\n<li><b>Eine Hotel\u00fcbernachtung buchen und schon kann man ein sch\u00f6nes Abendessen genie\u00dfen.<\/b><br \/>\n<strong>Viele Hotel bieten Valentinsmen\u00fc an<\/strong><\/li>\n<li><strong>Wie w\u00e4re es mit einem Lieferservice, braucht es ein aufwendiges Men\u00fc mit Austern, Spargeln und Steak? Warum nicht eine Pizza und ein Glas Wein dazu oder fragen Sie bei ihrem Lieblingsrestaurant nach<\/strong><\/li>\n<li><strong>Zusammen kochen kann sehr sch\u00f6n sein, ein Glas Champagner oder Wein und los geht&#8217;s. Rezepte findet ihr viele und gemeinsam kann es sehr sinnlich werden. Lasst Euch \u00fcberraschen und seid offen. Das Essen wird so zur Nebensache<\/strong><\/li>\n<\/ul>\n<p>&nbsp;<\/p>\n","protected":false},"excerpt":{"rendered":"<p>&nbsp; Eine Hotel\u00fcbernachtung buchen und schon kann man ein sch\u00f6nes Abendessen genie\u00dfen. Viele Hotel bieten Valentinsmen\u00fc an Wie w\u00e4re es mit einem Lieferservice, braucht es ein aufwendiges Men\u00fc mit Austern, Spargeln und Steak? Warum nicht eine Pizza und ein Glas Wein dazu oder fragen Sie bei ihrem Lieblingsrestaurant nach Zusammen kochen kann sehr sch\u00f6n sein, &hellip; <\/p>\n","protected":false},"author":1,"featured_media":102,"parent":0,"menu_order":0,"comment_status":"closed","ping_status":"closed","template":"","meta":{"footnotes":""},"class_list":["post-77","page","type-page","status-publish","has-post-thumbnail","hentry"],"jetpack_sharing_enabled":true,"_links":{"self":[{"href":"https:\/\/valentinstag123.com\/index.php\/wp-json\/wp\/v2\/pages\/77","targetHints":{"allow":["GET"]}}],"collection":[{"href":"https:\/\/valentinstag123.com\/index.php\/wp-json\/wp\/v2\/pages"}],"about":[{"href":"https:\/\/valentinstag123.com\/index.php\/wp-json\/wp\/v2\/types\/page"}],"author":[{"embeddable":true,"href":"https:\/\/valentinstag123.com\/index.php\/wp-json\/wp\/v2\/users\/1"}],"replies":[{"embeddable":true,"href":"https:\/\/valentinstag123.com\/index.php\/wp-json\/wp\/v2\/comments?post=77"}],"version-history":[{"count":4,"href":"https:\/\/valentinstag123.com\/index.php\/wp-json\/wp\/v2\/pages\/77\/revisions"}],"predecessor-version":[{"id":155,"href":"https:\/\/valentinstag123.com\/index.php\/wp-json\/wp\/v2\/pages\/77\/revisions\/155"}],"wp:featuredmedia":[{"embeddable":true,"href":"https:\/\/valentinstag123.com\/index.php\/wp-json\/wp\/v2\/media\/102"}],"wp:attachment":[{"href":"https:\/\/valentinstag123.com\/index.php\/wp-json\/wp\/v2\/media?parent=77"}],"curies":[{"name":"wp","href":"https:\/\/api.w.org\/{rel}","templated":true}]}}